{"id":447,"date":"2018-05-14T14:08:25","date_gmt":"2018-05-14T14:08:25","guid":{"rendered":"https:\/\/www.akkocamakine.com.tr\/iletisim\/"},"modified":"2020-08-25T11:05:38","modified_gmt":"2020-08-25T11:05:38","slug":"contact","status":"publish","type":"page","link":"https:\/\/www.akkocamakine.com.tr\/en\/contact\/","title":{"rendered":"CONTACT"},"content":{"rendered":"<div class=\"vce-row-container\"><div class=\"vce-row vce-row--col-gap-30 vce-row-equal-height vce-row-columns--top vce-row-content--middle\" id=\"el-52abf435\" data-vce-do-apply=\"all el-52abf435\"><div class=\"vce-content-background-container\"><\/div><div class=\"vce-row-content\" data-vce-element-content=\"true\"><div class=\"vce-col vce-col--md-31-31p vce-col--xs-1 vce-col--xs-last vce-col--xs-first vce-col--sm-last vce-col--sm-first vce-col--md-first vce-col--lg-first vce-col--xl-first\" id=\"el-83af80ec\"><div class=\"vce-col-inner\" data-vce-do-apply=\"border margin background  el-83af80ec\"><div class=\"vce-col-content\" data-vce-element-content=\"true\" data-vce-do-apply=\"padding el-83af80ec\"><div class=\"vce-text-block\"><div class=\"vce-text-block-wrapper vce\" id=\"el-61a53a00\" data-vce-do-apply=\"all el-61a53a00\"><h3>Adress:<\/h3><p>Minareli \u00c7avu\u015f OSB Mh. N:117. Sk. No:12 <br>Nil\u00fcfer\/Bursa<\/p><p><strong>Tel:<\/strong> <a href=\"tel:+902244111877\">+902244111877<\/a><\/p><p><strong>Tel:&nbsp;<\/strong><a href=\"tel:+902244110695\">+902244110695<\/a>&nbsp;<\/p><p><strong>Fax:<\/strong> +902244110696<\/p><p><strong>E-mail:<\/strong>&nbsp;<a href=\"mailto:bilgi@akkocamakine.com.tr\">bilgi@akkocamakine.com.tr<\/a><\/p><\/div><\/div><\/div><\/div><\/div><div class=\"vce-col vce-col--md-68-67p vce-col--xs-1 vce-col--xs-last vce-col--xs-first vce-col--sm-last vce-col--sm-first vce-col--md-last vce-col--lg-last vce-col--xl-last\" id=\"el-6a3ca06b\"><div class=\"vce-col-inner\" data-vce-do-apply=\"border margin background  el-6a3ca06b\"><div class=\"vce-col-content\" data-vce-element-content=\"true\" data-vce-do-apply=\"padding el-6a3ca06b\"><div class=\"vce-google-maps vce-google-maps--align-left\"><div class=\"vce-google-maps-wrapper vce vce-google-maps--width-custom vce-google-maps-proportional\" id=\"el-3d22a302\" data-vce-do-apply=\"all el-3d22a302\" style=\"width: 700px; height: auto;\"><div class=\"vce-google-maps-inner\" style=\"padding-bottom: 75%;\"><iframe src=\"https:\/\/www.google.com\/maps\/embed?pb=!1m18!1m12!1m3!1d3045.607840944774!2d28.921240815390522!3d40.240020779386064!2m3!1f0!2f0!3f0!3m2!1i1024!2i768!4f13.1!3m3!1m2!1s0x0%3A0x0!2zNDDCsDE0JzI0LjEiTiAyOMKwNTUnMjQuNCJF!5e0!3m2!1str!2str!4v1526409374252\" width=\"800\" height=\"600\" frameborder=\"0\" style=\"border: 0px; pointer-events: none;\" allowfullscreen=\"\"><\/iframe><\/div><\/div><\/div><\/div><\/div><\/div><\/div><\/div><\/div><div class=\"vce-row-container\"><div class=\"vce-row vce-row--col-gap-30 vce-row-columns--top vce-row-content--top\" id=\"el-d9a91ca4\" data-vce-do-apply=\"all el-d9a91ca4\"><div class=\"vce-content-background-container\"><\/div><div class=\"vce-row-content\" data-vce-element-content=\"true\"><div class=\"vce-col vce-col--md-100p vce-col--xs-1 vce-col--xs-last vce-col--xs-first vce-col--sm-last vce-col--sm-first vce-col--md-last vce-col--lg-last vce-col--xl-last vce-col--md-first vce-col--lg-first vce-col--xl-first\" id=\"el-7cf0e9bc\"><div class=\"vce-col-inner\" data-vce-do-apply=\"border margin background  el-7cf0e9bc\"><div class=\"vce-col-content\" data-vce-element-content=\"true\" data-vce-do-apply=\"padding el-7cf0e9bc\"><div class=\"vce-google-fonts-heading vce-google-fonts-heading--align-center vce-google-fonts-heading--color-empty--45--5C00FF--FF7200 vce-google-fonts-heading--font-family-Montserrat\"><div class=\"vce-google-fonts-heading-wrapper\"><div class=\"vce-google-fonts-heading--background vce\" id=\"el-01a12301\" data-vce-do-apply=\"border background  padding margin el-01a12301\"><h2 class=\"vce-google-fonts-heading-inner\" style=\"font-weight: 400;\">You can reach to us from contact form<\/h2><\/div><\/div><\/div><div id=\"el-dcc3d614\" class=\"vce-contact-form-7--align-left\"><div class=\"vce vce-contact-form-7\" data-vce-do-apply=\"all el-dcc3d614\"><div role=\"form\" class=\"wpcf7\" id=\"wpcf7-f451-o1\" lang=\"tr-TR\" dir=\"ltr\">\n<div class=\"screen-reader-response\" role=\"alert\" aria-live=\"polite\"><\/div>\n<form action=\"\/en\/wp-json\/wp\/v2\/pages\/447\/#wpcf7-f451-o1\" method=\"post\" class=\"wpcf7-form init\" novalidate=\"novalidate\">\n<div style=\"display: none;\">\n<input type=\"hidden\" name=\"_wpcf7\" value=\"451\" \/>\n<input type=\"hidden\" name=\"_wpcf7_version\" value=\"5.2.1\" \/>\n<input type=\"hidden\" name=\"_wpcf7_locale\" value=\"tr_TR\" \/>\n<input type=\"hidden\" name=\"_wpcf7_unit_tag\" value=\"wpcf7-f451-o1\" \/>\n<input type=\"hidden\" name=\"_wpcf7_container_post\" value=\"0\" \/>\n<input type=\"hidden\" name=\"_wpcf7_posted_data_hash\" value=\"\" \/>\n<\/div>\n<p><label> Name Surname (required)<br \/>\n    <span class=\"wpcf7-form-control-wrap your-name\"><input type=\"text\" name=\"your-name\" value=\"\" size=\"40\" class=\"wpcf7-form-control wpcf7-text wpcf7-validates-as-required\" aria-required=\"true\" aria-invalid=\"false\" \/><\/span> <\/label><\/p>\n<p><label> Your E-mail (required)<br \/>\n    <span class=\"wpcf7-form-control-wrap your-email\"><input type=\"email\" name=\"your-email\" value=\"\" size=\"40\" class=\"wpcf7-form-control wpcf7-text wpcf7-email wpcf7-validates-as-required wpcf7-validates-as-email\" aria-required=\"true\" aria-invalid=\"false\" \/><\/span> <\/label><\/p>\n<p><label> Subject<br \/>\n    <span class=\"wpcf7-form-control-wrap your-subject\"><input type=\"text\" name=\"your-subject\" value=\"\" size=\"40\" class=\"wpcf7-form-control wpcf7-text\" aria-invalid=\"false\" \/><\/span> <\/label><\/p>\n<p><label> Your Message<br \/>\n    <span class=\"wpcf7-form-control-wrap your-message\"><textarea name=\"your-message\" cols=\"40\" rows=\"10\" class=\"wpcf7-form-control wpcf7-textarea\" aria-invalid=\"false\"><\/textarea><\/span> <\/label><\/p>\n<p><input type=\"submit\" value=\"Submit\" class=\"wpcf7-form-control wpcf7-submit\" \/><\/p>\n<div class=\"wpcf7-response-output\" role=\"alert\" aria-hidden=\"true\"><\/div><\/form><\/div><\/div><\/div><\/div><\/div><\/div><\/div><\/div><\/div>\n","protected":false},"excerpt":{"rendered":"<p>Adress:Minareli \u00c7avu\u015f OSB Mh. N:117. Sk. No:12 Nil\u00fcfer\/BursaTel: +902244111877Tel:&nbsp;+902244110695&nbsp;Fax: +902244110696E-mail:&nbsp;bilgi@akkocamakine.com.trYou can reach to us from contact form<\/p>\n","protected":false},"author":1,"featured_media":0,"parent":0,"menu_order":0,"comment_status":"closed","ping_status":"closed","template":"","meta":[],"_links":{"self":[{"href":"https:\/\/www.akkocamakine.com.tr\/en\/wp-json\/wp\/v2\/pages\/447\/"}],"collection":[{"href":"https:\/\/www.akkocamakine.com.tr\/en\/wp-json\/wp\/v2\/pages\/"}],"about":[{"href":"https:\/\/www.akkocamakine.com.tr\/en\/wp-json\/wp\/v2\/types\/page\/"}],"author":[{"embeddable":true,"href":"https:\/\/www.akkocamakine.com.tr\/en\/wp-json\/wp\/v2\/users\/1\/"}],"replies":[{"embeddable":true,"href":"https:\/\/www.akkocamakine.com.tr\/en\/wp-json\/wp\/v2\/comments\/?post=447"}],"version-history":[{"count":1,"href":"https:\/\/www.akkocamakine.com.tr\/en\/wp-json\/wp\/v2\/pages\/447\/revisions\/"}],"predecessor-version":[{"id":474,"href":"https:\/\/www.akkocamakine.com.tr\/en\/wp-json\/wp\/v2\/pages\/447\/revisions\/474\/"}],"wp:attachment":[{"href":"https:\/\/www.akkocamakine.com.tr\/en\/wp-json\/wp\/v2\/media\/?parent=447"}],"curies":[{"name":"wp","href":"https:\/\/api.w.org\/{rel}","templated":true}]}}